{"id":571,"date":"2017-10-22T15:06:12","date_gmt":"2017-10-22T13:06:12","guid":{"rendered":"http:\/\/orchestreedf.org\/?page_id=571"},"modified":"2026-04-12T23:12:30","modified_gmt":"2026-04-12T21:12:30","slug":"vente-des-billets","status":"publish","type":"page","link":"https:\/\/orchestreedf.org\/index.php\/vente-des-billets\/","title":{"rendered":"Billetterie"},"content":{"rendered":"\n<div class=\"wp-block-columns are-vertically-aligned-top\">\n<div class=\"wp-block-column is-vertically-aligned-top\">\n<figure class=\"wp-block-image size-large\"><a href=\"https:\/\/orchestreedf.org\/wp-content\/uploads\/2026\/04\/OEDF_affiche_2026_voyages_bohemes-728x1024.png\"><img loading=\"lazy\" width=\"728\" height=\"1024\" src=\"https:\/\/orchestreedf.org\/wp-content\/uploads\/2026\/04\/OEDF_affiche_2026_voyages_bohemes-728x1024.png\" alt=\"\" class=\"wp-image-1958\" srcset=\"https:\/\/orchestreedf.org\/wp-content\/uploads\/2026\/04\/OEDF_affiche_2026_voyages_bohemes-728x1024.png 728w, https:\/\/orchestreedf.org\/wp-content\/uploads\/2026\/04\/OEDF_affiche_2026_voyages_bohemes-213x300.png 213w, https:\/\/orchestreedf.org\/wp-content\/uploads\/2026\/04\/OEDF_affiche_2026_voyages_bohemes-768x1081.png 768w, https:\/\/orchestreedf.org\/wp-content\/uploads\/2026\/04\/OEDF_affiche_2026_voyages_bohemes-36x50.png 36w, https:\/\/orchestreedf.org\/wp-content\/uploads\/2026\/04\/OEDF_affiche_2026_voyages_bohemes.png 795w\" sizes=\"(max-width: 728px) 100vw, 728px\" \/><\/a><\/figure>\n<\/div>\n\n\n\n<div class=\"wp-block-column is-vertically-aligned-top\">\n<p>&nbsp;<\/p>\n<p>Le <strong>Lundi 8 Juin 2026<\/strong>&nbsp;\u00e0 <strong>20h<\/strong>, l&#8217;Orchestre EDF vous convie \u00e0 la <strong>Cit\u00e9 de la Musique<\/strong> pour son prochain concert &#8220;Voyages boh\u00e8mes&#8221;. Au programme : <em>In the South<\/em> d&#8217;Elgar, une \u00e9vocation lumineuse et ensoleill\u00e9e de la campagne italienne, et la Symphonie n\u00b08 de Dvo\u0159\u00e1k, une \u0153uvre chaleureuse et pleine de vie, impr\u00e9gn\u00e9e des couleurs de la Boh\u00eame.<\/p>\n<\/div>\n<\/div>\n\n\n\n<p style=\"text-align: center;\"><a href=\"https:\/\/my.weezevent.com\/orchestre-edf-concert-voyages-bohemes\"><img loading=\"lazy\" class=\"aligncenter\" src=\"https:\/\/www.weezevent.com\/images\/statique\/bt_achetez_billets_blu.png\" alt=\"Achetez vos billets\" width=\"182\" height=\"37\" \/><\/a><\/p>\n<p style=\"text-align: center;\"><strong>Concert en placement libre.<\/strong>\u00a0<\/p>\n<p><em><strong>Les billets sont en vente exclusivement en ligne, il n&#8217;y aura pas de billetterie sur place<\/strong>. Pour toute question, merci de nous contacter par mail : <a href=\"mailto:orchestreedf.billetterie@gmail.com\">orchestreedf.billetterie@gmail.com<\/a><\/em><em>.<\/em><\/p>\n<p>Accueil de la <a href=\"http:\/\/www.citedelamusique.fr\" target=\"_blank\" rel=\"noopener\">Cit\u00e9 de la musique <\/a>ouvert \u00e0 partir de 19h30.<\/p>\n","protected":false},"excerpt":{"rendered":"<p>&nbsp; Le Lundi 8 Juin 2026&nbsp;\u00e0 20h, l&#8217;Orchestre EDF vous convie \u00e0 la Cit\u00e9 de la Musique pour son prochain concert &#8220;Voyages boh\u00e8mes&#8221;. Au programme : In the South d&#8217;Elgar, une \u00e9vocation lumineuse et ensoleill\u00e9e de la campagne italienne, et la Symphonie n\u00b08 de Dvo\u0159\u00e1k, une \u0153uvre chaleureuse et pleine de vie, impr\u00e9gn\u00e9e des couleurs [&hellip;]<\/p>\n","protected":false},"author":4,"featured_media":0,"parent":0,"menu_order":0,"comment_status":"closed","ping_status":"closed","template":"","meta":{"_monsterinsights_skip_tracking":false,"_monsterinsights_sitenote_active":false,"_monsterinsights_sitenote_note":"","_monsterinsights_sitenote_category":0},"wppr_data":{"cwp_meta_box_check":"No"},"_links":{"self":[{"href":"https:\/\/orchestreedf.org\/index.php\/wp-json\/wp\/v2\/pages\/571"}],"collection":[{"href":"https:\/\/orchestreedf.org\/index.php\/wp-json\/wp\/v2\/pages"}],"about":[{"href":"https:\/\/orchestreedf.org\/index.php\/wp-json\/wp\/v2\/types\/page"}],"author":[{"embeddable":true,"href":"https:\/\/orchestreedf.org\/index.php\/wp-json\/wp\/v2\/users\/4"}],"replies":[{"embeddable":true,"href":"https:\/\/orchestreedf.org\/index.php\/wp-json\/wp\/v2\/comments?post=571"}],"version-history":[{"count":152,"href":"https:\/\/orchestreedf.org\/index.php\/wp-json\/wp\/v2\/pages\/571\/revisions"}],"predecessor-version":[{"id":1965,"href":"https:\/\/orchestreedf.org\/index.php\/wp-json\/wp\/v2\/pages\/571\/revisions\/1965"}],"wp:attachment":[{"href":"https:\/\/orchestreedf.org\/index.php\/wp-json\/wp\/v2\/media?parent=571"}],"curies":[{"name":"wp","href":"https:\/\/api.w.org\/{rel}","templated":true}]}}