{"id":33,"date":"2016-10-04T22:08:45","date_gmt":"2016-10-04T20:08:45","guid":{"rendered":"http:\/\/orchestreedf.org\/?page_id=33"},"modified":"2025-12-13T23:30:59","modified_gmt":"2025-12-13T22:30:59","slug":"videos","status":"publish","type":"page","link":"https:\/\/orchestreedf.org\/index.php\/videos\/","title":{"rendered":"Vid\u00e9os"},"content":{"rendered":"<!--[if lt IE 9]><script>document.createElement('video');<\/script><![endif]-->\n\t<div class=\"wp-playlist wp-video-playlist wp-playlist-light\">\n\t\t<video controls=\"controls\" preload=\"none\" width=\"607\"\n\t\t height=\"341\"\t><\/video>\n\t<div class=\"wp-playlist-next\"><\/div>\n\t<div class=\"wp-playlist-prev\"><\/div>\n\t<noscript>\n\t<ol>\n\t\t<li><a href='https:\/\/orchestreedf.org\/wp-content\/uploads\/2025\/12\/2024_OrchestreEDF_Promo_Nantes.mp4'>Vid\u00e9o Orchestre EDF 2024<\/a><\/li><li><a href='https:\/\/orchestreedf.org\/wp-content\/uploads\/2025\/12\/2024_OEDF_Danses-Symphoniques.mp4'>Danses Symphoniques (Nantes, Cit\u00e9 des Congr\u00e8s) - \u00c9t\u00e9 2024<\/a><\/li><li><a href='https:\/\/orchestreedf.org\/wp-content\/uploads\/OEDF_specific\/Video_public\/2011%20-%20OEDF%20-%20film%20extraction%20DVD.mp4'>Concert de la Cit\u00e9 de la Musique 2011<\/a><\/li>\t<\/ol>\n\t<\/noscript>\n\t<script type=\"application\/json\" class=\"wp-playlist-script\">{\"type\":\"video\",\"tracklist\":true,\"tracknumbers\":true,\"images\":true,\"artists\":true,\"tracks\":[{\"src\":\"https:\\\/\\\/orchestreedf.org\\\/wp-content\\\/uploads\\\/2025\\\/12\\\/2024_OrchestreEDF_Promo_Nantes.mp4\",\"type\":\"video\\\/mp4\",\"title\":\"Vid\\u00e9o Orchestre EDF 2024\",\"caption\":\"\",\"description\":\"\",\"meta\":{\"length_formatted\":\"4:22\"},\"dimensions\":{\"original\":{\"width\":1280,\"height\":720},\"resized\":{\"width\":607,\"height\":341}},\"image\":{\"src\":\"https:\\\/\\\/orchestreedf.org\\\/wp-includes\\\/images\\\/media\\\/video.png\",\"width\":48,\"height\":64},\"thumb\":{\"src\":\"https:\\\/\\\/orchestreedf.org\\\/wp-includes\\\/images\\\/media\\\/video.png\",\"width\":48,\"height\":64}},{\"src\":\"https:\\\/\\\/orchestreedf.org\\\/wp-content\\\/uploads\\\/2025\\\/12\\\/2024_OEDF_Danses-Symphoniques.mp4\",\"type\":\"video\\\/mp4\",\"title\":\"Danses Symphoniques (Nantes, Cit\\u00e9 des Congr\\u00e8s) - \\u00c9t\\u00e9 2024\",\"caption\":\"\",\"description\":\"\",\"meta\":{\"length_formatted\":\"2:46\"},\"dimensions\":{\"original\":{\"width\":1908,\"height\":1074},\"resized\":{\"width\":607,\"height\":342}},\"image\":{\"src\":\"https:\\\/\\\/orchestreedf.org\\\/wp-includes\\\/images\\\/media\\\/video.png\",\"width\":48,\"height\":64},\"thumb\":{\"src\":\"https:\\\/\\\/orchestreedf.org\\\/wp-includes\\\/images\\\/media\\\/video.png\",\"width\":48,\"height\":64}},{\"src\":\"https:\\\/\\\/orchestreedf.org\\\/wp-content\\\/uploads\\\/OEDF_specific\\\/Video_public\\\/2011 - OEDF - film extraction DVD.mp4\",\"type\":\"video\\\/mp4\",\"title\":\"Concert de la Cit\\u00e9 de la Musique 2011\",\"caption\":\"\",\"description\":\"\",\"meta\":{\"length_formatted\":\"1:29\"},\"dimensions\":{\"original\":{\"width\":1024,\"height\":576},\"resized\":{\"width\":607,\"height\":341}},\"image\":{\"src\":\"https:\\\/\\\/orchestreedf.org\\\/wp-includes\\\/images\\\/media\\\/video.png\",\"width\":48,\"height\":64},\"thumb\":{\"src\":\"https:\\\/\\\/orchestreedf.org\\\/wp-includes\\\/images\\\/media\\\/video.png\",\"width\":48,\"height\":64}}]}<\/script>\n<\/div>\n\t\n","protected":false},"excerpt":{"rendered":"","protected":false},"author":1,"featured_media":0,"parent":0,"menu_order":0,"comment_status":"closed","ping_status":"closed","template":"","meta":{"_monsterinsights_skip_tracking":false,"_monsterinsights_sitenote_active":false,"_monsterinsights_sitenote_note":"","_monsterinsights_sitenote_category":0},"wppr_data":{"cwp_meta_box_check":"No"},"_links":{"self":[{"href":"https:\/\/orchestreedf.org\/index.php\/wp-json\/wp\/v2\/pages\/33"}],"collection":[{"href":"https:\/\/orchestreedf.org\/index.php\/wp-json\/wp\/v2\/pages"}],"about":[{"href":"https:\/\/orchestreedf.org\/index.php\/wp-json\/wp\/v2\/types\/page"}],"author":[{"embeddable":true,"href":"https:\/\/orchestreedf.org\/index.php\/wp-json\/wp\/v2\/users\/1"}],"replies":[{"embeddable":true,"href":"https:\/\/orchestreedf.org\/index.php\/wp-json\/wp\/v2\/comments?post=33"}],"version-history":[{"count":9,"href":"https:\/\/orchestreedf.org\/index.php\/wp-json\/wp\/v2\/pages\/33\/revisions"}],"predecessor-version":[{"id":1951,"href":"https:\/\/orchestreedf.org\/index.php\/wp-json\/wp\/v2\/pages\/33\/revisions\/1951"}],"wp:attachment":[{"href":"https:\/\/orchestreedf.org\/index.php\/wp-json\/wp\/v2\/media?parent=33"}],"curies":[{"name":"wp","href":"https:\/\/api.w.org\/{rel}","templated":true}]}}