{"id":18,"date":"2016-10-04T22:07:10","date_gmt":"2016-10-04T20:07:10","guid":{"rendered":"http:\/\/orchestreedf.org\/?page_id=18"},"modified":"2026-04-17T16:36:26","modified_gmt":"2026-04-17T14:36:26","slug":"concerts","status":"publish","type":"page","link":"https:\/\/orchestreedf.org\/index.php\/concerts\/","title":{"rendered":"Concerts"},"content":{"rendered":"<blockquote>\n<p><span style=\"font-size: 0.95em;\">Saison \u00c9t\u00e9 2026 &#8211; <em><strong>Voyages boh\u00e8mes<\/strong><\/em><\/span><span style=\"font-size: 0.95em;\"><br \/><\/span><\/p>\n<\/blockquote>\n<p><strong>Mercredi 3 Juin 2026<br \/><\/strong>Lille<br \/><i>Concert priv\u00e9<\/i><\/p>\n<p><strong>Jeudi 4 Juin 2026<br \/><\/strong>Tours<br \/><i>Concert priv\u00e9<\/i><\/p>\n<p><strong>Lundi 8 juin 2026<\/strong><br \/>Paris<br \/><a href=\"https:\/\/orchestreedf.org\/index.php\/vente-des-billets\/\"><strong><i>Concert public &#8211; r\u00e9servez vos billets d\u00e8s maintenant !<\/i><\/strong><\/a><\/p>\n<p><strong>Vendredi 12 Juin 2026<br \/><\/strong>Bordeaux<br \/><i>Concert priv\u00e9<\/i><\/p>\n<p>\u00a0<\/p>\n<blockquote>\n<p><span style=\"font-size: 0.95em;\">Saison Hiver 2025-2026 &#8211; <em><strong>Au rythme des Am\u00e9riques<\/strong><\/em><\/span><span style=\"font-size: 0.95em;\"><br \/><\/span><\/p>\n<\/blockquote>\n<p><strong>Mercredi 3 D\u00e9cembre 2025<br \/><\/strong>Paris, Cit\u00e9 de la Musique<br \/><em>Concert public &#8211; T\u00e9l\u00e9thon<\/em><\/p>\n<p><strong>Mardi 9 D\u00e9cembre 2025<\/strong><br \/>Rennes<br \/><i>Concert priv\u00e9<\/i><\/p>\n<p><strong>Mardi 27 Janvier 2026<\/strong><br \/>Paris<br \/><i>Concert priv\u00e9<\/i><\/p>\n<p><i>\u00a0<\/i><\/p>\n\n","protected":false},"excerpt":{"rendered":"<p>Saison \u00c9t\u00e9 2026 &#8211; Voyages boh\u00e8mes Mercredi 3 Juin 2026LilleConcert priv\u00e9 Jeudi 4 Juin 2026ToursConcert priv\u00e9 Lundi 8 juin 2026ParisConcert public &#8211; r\u00e9servez vos billets d\u00e8s maintenant ! Vendredi 12 Juin 2026BordeauxConcert priv\u00e9 \u00a0 Saison Hiver 2025-2026 &#8211; Au rythme des Am\u00e9riques Mercredi 3 D\u00e9cembre 2025Paris, Cit\u00e9 de la MusiqueConcert public &#8211; T\u00e9l\u00e9thon Mardi 9 [&hellip;]<\/p>\n","protected":false},"author":1,"featured_media":0,"parent":0,"menu_order":0,"comment_status":"closed","ping_status":"closed","template":"","meta":{"_monsterinsights_skip_tracking":false,"_monsterinsights_sitenote_active":false,"_monsterinsights_sitenote_note":"","_monsterinsights_sitenote_category":0},"wppr_data":{"cwp_meta_box_check":"No"},"_links":{"self":[{"href":"https:\/\/orchestreedf.org\/index.php\/wp-json\/wp\/v2\/pages\/18"}],"collection":[{"href":"https:\/\/orchestreedf.org\/index.php\/wp-json\/wp\/v2\/pages"}],"about":[{"href":"https:\/\/orchestreedf.org\/index.php\/wp-json\/wp\/v2\/types\/page"}],"author":[{"embeddable":true,"href":"https:\/\/orchestreedf.org\/index.php\/wp-json\/wp\/v2\/users\/1"}],"replies":[{"embeddable":true,"href":"https:\/\/orchestreedf.org\/index.php\/wp-json\/wp\/v2\/comments?post=18"}],"version-history":[{"count":92,"href":"https:\/\/orchestreedf.org\/index.php\/wp-json\/wp\/v2\/pages\/18\/revisions"}],"predecessor-version":[{"id":1968,"href":"https:\/\/orchestreedf.org\/index.php\/wp-json\/wp\/v2\/pages\/18\/revisions\/1968"}],"wp:attachment":[{"href":"https:\/\/orchestreedf.org\/index.php\/wp-json\/wp\/v2\/media?parent=18"}],"curies":[{"name":"wp","href":"https:\/\/api.w.org\/{rel}","templated":true}]}}